{"id":53,"date":"2025-07-21T12:24:08","date_gmt":"2025-07-21T10:24:08","guid":{"rendered":"https:\/\/dentalbs.es.31-24-41-230.31-24-41-230.visualpublinet.com\/?page_id=53"},"modified":"2025-07-21T12:34:46","modified_gmt":"2025-07-21T10:34:46","slug":"accesibilidad","status":"publish","type":"page","link":"https:\/\/dentalbs.es\/en\/accesibilidad\/","title":{"rendered":"Accesibilidad"},"content":{"rendered":"<p>Nuestro compromiso es hacer accesible este sitio web, de conformidad con el Real Decreto 1112\/2018, de 7 de septiembre, sobre accesibilidad de los sitios web y aplicaciones para dispositivos m\u00f3viles del sector p\u00fablico.<\/p>\n<p><strong>SITUACI\u00d3N DE CUMPLIMIENTO<\/strong><\/p>\n<p>Este sitio web es parcialmente conforme con el RD 1112\/2018 debido a las excepciones y a la falta de conformidad de los aspectos que se indican en el siguiente punto.<\/p>\n<p><strong>CONTENIDO NO ACCESIBLE<\/strong><\/p>\n<p>El contenido que se recoge a continuaci\u00f3n podr\u00eda no ser accesible por lo siguiente:<\/p>\n<ul>\n<li>Podr\u00edan existir algunos aspectos de contraste que no cumplan los m\u00ednimos exigidos con respecto a los colores adyacentes del fondo.<\/li>\n<li>Podr\u00edan existir algunos elementos no textuales no etiquetados correctamente.<\/li>\n<li>Los buscadores buscan autom\u00e1ticamente sin necesidad de ordenar ninguna acci\u00f3n por parte del usuario.<\/li>\n<li>Podr\u00edan existir algunos textos en otro idioma no etiquetados correctamente.<\/li>\n<li>Podr\u00edan existir errores de c\u00f3digo puntuales de edici\u00f3n en alguna p\u00e1gina web.<\/li>\n<li>Podr\u00edan existir archivos ofim\u00e1ticos en PDF u otros formatos publicados que no cumplan en su totalidad todos los requisitos de accesibilidad. Aunque se ha procurado que la mayor\u00eda de ellos s\u00ed lo cumplan.<\/li>\n<\/ul>\n<p><strong>PREPARACI\u00d3N DE LA SIGUIENTE DECLARACI\u00d3N DE ACCESIBILIDAD<\/strong><\/p>\n<p>El m\u00e9todo empleado para preparar la declaraci\u00f3n ha sido una autoevaluaci\u00f3n llevada a cabo por el responsable del desarrollo web.<\/p>\n<p><strong>OBSERVACIONES Y DATOS DE CONTACTO<\/strong><\/p>\n<p>Puede realizar comunicaciones sobre requisitos de accesibilidad (art\u00edculo 10.2.a del RD 1112\/2018) como por ejemplo:<\/p>\n<ul>\n<li>Informar sobre cualquier posible incumplimiento por parte de este sitio web<\/li>\n<li>Transmitir otras dificultades de acceso al contenido<\/li>\n<li>Formular cualquier otra consulta o sugerencia de mejora relativa a la accesibilidad del sitio web<\/li>\n<\/ul>\n<p>Puede presentar:<\/p>\n<ul>\n<li>Queja relativa al cumplimiento de los requisitos del RD 1112\/2018 o Solicitud de Informaci\u00f3n accesible relativa a:<\/li>\n<\/ul>\n<ul>\n<li style=\"list-style-type: none;\">\n<ul>\n<li>Contenidos que est\u00e1n excluidos del \u00e1mbito de aplicaci\u00f3n del RD 1112\/2018 seg\u00fan lo establecido por el art\u00edculo 3, apartado 4<\/li>\n<li>Contenidos que est\u00e1n exentos del cumplimiento de los requisitos de accesibilidad por imponer una carga desproporcionada.<\/li>\n<\/ul>\n<\/li>\n<\/ul>\n<p>En la Solicitud de informaci\u00f3n accesible, se debe concretar, con toda claridad, los hechos, razones y petici\u00f3n que permitan constatar que se trata de una solicitud razonable y leg\u00edtima.<\/p>\n<p><strong>PROCEDIMIENTO DE APLICACI\u00d3N<\/strong><\/p>\n<p>Si una vez realizada una solicitud de informaci\u00f3n accesible o queja, \u00e9sta hubiera sido desestimada, no se estuviera de acuerdo con la decisi\u00f3n adoptada, o la respuesta no cumpliera los requisitos contemplados en el art\u00edculo 12.5, la persona interesada podr\u00e1 iniciar una reclamaci\u00f3n. Igualmente se podr\u00e1 iniciar una reclamaci\u00f3n en el caso de que haya transcurrido el plazo de veinte d\u00edas h\u00e1biles sin haber obtenido respuesta.<\/p>\n<p>La reclamaci\u00f3n puede ser presentada a trav\u00e9s de la Instancia Gen\u00e9rica de la Sede electr\u00f3nica del Ministerio de Asuntos Econ\u00f3micos y Transformaci\u00f3n Digital , as\u00ed como en el resto de opciones recogidas en la Ley 39\/ 2015, de 1 de octubre, del Procedimiento Administrativo Com\u00fan de las Administraciones P\u00fablicas. Las reclamaciones ser\u00e1n recibidas y tratadas por la Subdirecci\u00f3n General de Inspecci\u00f3n de Servicios del Ministerio.<\/p>\n<p><strong>CONTENIDO OPCIONAL<\/strong><\/p>\n<p>Este portal est\u00e1 dise\u00f1ado para poder cambiar el tama\u00f1o del texto y el color, as\u00ed como el fondo de la p\u00e1gina mediante las opciones de configuraci\u00f3n est\u00e1ndar de los navegadores.<\/p>\n<p>Si desea cambiar el tama\u00f1o de letra del texto en los principales navegadores gr\u00e1ficos utilice los siguientes men\u00fas:<\/p>\n<ul>\n<li>Internet Explorer, Mozilla y Firefox: Ver &gt; Tama\u00f1o del texto<\/li>\n<li>Opera: Ver &gt; Zoom<\/li>\n<li>Safari: Ver &gt; Hacer el texto m\u00e1s grande<\/li>\n<li>Chrome: Controla la p\u00e1gina actual &gt; Tama\u00f1o del texto<\/li>\n<li>Para modificar el tama\u00f1o de todo en la p\u00e1gina:<\/li>\n<li>Ctrl + + para aumentarlo<\/li>\n<li>Ctrl + \u2013 para disminuirlo<\/li>\n<li>Ctrl + 0 restaura el tama\u00f1o original del texto<\/li>\n<\/ul>\n<p>Si lo que quiere es anular la hoja de estilos o modificar el color del texto, puede consultar la p\u00e1gina How to Change Text Size or Colors de la WAI, que se puede leer traducida al espa\u00f1ol en \u00bfC\u00f3mo cambiar el tama\u00f1o del texto o colores?<\/p>","protected":false},"excerpt":{"rendered":"<p>Nuestro compromiso es hacer accesible este sitio web, de conformidad con el Real Decreto 1112\/2018, de 7 de septiembre, sobre accesibilidad de los sitios web y aplicaciones para dispositivos m\u00f3viles del sector p\u00fablico. SITUACI\u00d3N DE CUMPLIMIENTO Este sitio web es parcialmente conforme con el RD 1112\/2018 debido a las excepciones y a la falta de [&hellip;]<\/p>","protected":false},"author":2,"featured_media":0,"parent":0,"menu_order":0,"comment_status":"closed","ping_status":"closed","template":"","meta":{"footnotes":""},"class_list":["post-53","page","type-page","status-publish","hentry"],"yoast_head":"<!-- This site is optimized with the Yoast SEO plugin v25.4 - https:\/\/yoast.com\/wordpress\/plugins\/seo\/ -->\n<title>Accesibilidad - DBS<\/title>\n<meta name=\"robots\" content=\"index, follow, max-snippet:-1, max-image-preview:large, max-video-preview:-1\" \/>\n<link rel=\"canonical\" href=\"https:\/\/dentalbs.es.31-24-41-230.31-24-41-230.visualpublinet.com\/accesibilidad\/\" \/>\n<meta property=\"og:locale\" content=\"en_US\" \/>\n<meta property=\"og:type\" content=\"article\" \/>\n<meta property=\"og:title\" content=\"Accesibilidad - DBS\" \/>\n<meta property=\"og:description\" content=\"Nuestro compromiso es hacer accesible este sitio web, de conformidad con el Real Decreto 1112\/2018, de 7 de septiembre, sobre accesibilidad de los sitios web y aplicaciones para dispositivos m\u00f3viles del sector p\u00fablico. SITUACI\u00d3N DE CUMPLIMIENTO Este sitio web es parcialmente conforme con el RD 1112\/2018 debido a las excepciones y a la falta de [&hellip;]\" \/>\n<meta property=\"og:url\" content=\"https:\/\/dentalbs.es.31-24-41-230.31-24-41-230.visualpublinet.com\/accesibilidad\/\" \/>\n<meta property=\"og:site_name\" content=\"DBS\" \/>\n<meta property=\"article:modified_time\" content=\"2025-07-21T10:34:46+00:00\" \/>\n<meta name=\"twitter:card\" content=\"summary_large_image\" \/>\n<meta name=\"twitter:label1\" content=\"Est. reading time\" \/>\n\t<meta name=\"twitter:data1\" content=\"3 minutes\" \/>\n<script type=\"application\/ld+json\" class=\"yoast-schema-graph\">{\"@context\":\"https:\/\/schema.org\",\"@graph\":[{\"@type\":\"WebPage\",\"@id\":\"https:\/\/dentalbs.es.31-24-41-230.31-24-41-230.visualpublinet.com\/accesibilidad\/\",\"url\":\"https:\/\/dentalbs.es.31-24-41-230.31-24-41-230.visualpublinet.com\/accesibilidad\/\",\"name\":\"Accesibilidad - DBS\",\"isPartOf\":{\"@id\":\"https:\/\/dentalbs.es\/#website\"},\"datePublished\":\"2025-07-21T10:24:08+00:00\",\"dateModified\":\"2025-07-21T10:34:46+00:00\",\"breadcrumb\":{\"@id\":\"https:\/\/dentalbs.es.31-24-41-230.31-24-41-230.visualpublinet.com\/accesibilidad\/#breadcrumb\"},\"inLanguage\":\"en-US\",\"potentialAction\":[{\"@type\":\"ReadAction\",\"target\":[\"https:\/\/dentalbs.es.31-24-41-230.31-24-41-230.visualpublinet.com\/accesibilidad\/\"]}]},{\"@type\":\"BreadcrumbList\",\"@id\":\"https:\/\/dentalbs.es.31-24-41-230.31-24-41-230.visualpublinet.com\/accesibilidad\/#breadcrumb\",\"itemListElement\":[{\"@type\":\"ListItem\",\"position\":1,\"name\":\"Portada\",\"item\":\"https:\/\/dentalbs.es\/\"},{\"@type\":\"ListItem\",\"position\":2,\"name\":\"Accesibilidad\"}]},{\"@type\":\"WebSite\",\"@id\":\"https:\/\/dentalbs.es\/#website\",\"url\":\"https:\/\/dentalbs.es\/\",\"name\":\"DBS\",\"description\":\"Dental Business School\",\"publisher\":{\"@id\":\"https:\/\/dentalbs.es\/#organization\"},\"potentialAction\":[{\"@type\":\"SearchAction\",\"target\":{\"@type\":\"EntryPoint\",\"urlTemplate\":\"https:\/\/dentalbs.es\/?s={search_term_string}\"},\"query-input\":{\"@type\":\"PropertyValueSpecification\",\"valueRequired\":true,\"valueName\":\"search_term_string\"}}],\"inLanguage\":\"en-US\"},{\"@type\":\"Organization\",\"@id\":\"https:\/\/dentalbs.es\/#organization\",\"name\":\"DBS\",\"url\":\"https:\/\/dentalbs.es\/\",\"logo\":{\"@type\":\"ImageObject\",\"inLanguage\":\"en-US\",\"@id\":\"https:\/\/dentalbs.es\/#\/schema\/logo\/image\/\",\"url\":\"https:\/\/dentalbs.es\/wp-content\/uploads\/2025\/07\/logo-DBS.png\",\"contentUrl\":\"https:\/\/dentalbs.es\/wp-content\/uploads\/2025\/07\/logo-DBS.png\",\"width\":151,\"height\":90,\"caption\":\"DBS\"},\"image\":{\"@id\":\"https:\/\/dentalbs.es\/#\/schema\/logo\/image\/\"}}]}<\/script>\n<!-- \/ Yoast SEO plugin. -->","yoast_head_json":{"title":"Accesibilidad - DBS","robots":{"index":"index","follow":"follow","max-snippet":"max-snippet:-1","max-image-preview":"max-image-preview:large","max-video-preview":"max-video-preview:-1"},"canonical":"https:\/\/dentalbs.es.31-24-41-230.31-24-41-230.visualpublinet.com\/accesibilidad\/","og_locale":"en_US","og_type":"article","og_title":"Accesibilidad - DBS","og_description":"Nuestro compromiso es hacer accesible este sitio web, de conformidad con el Real Decreto 1112\/2018, de 7 de septiembre, sobre accesibilidad de los sitios web y aplicaciones para dispositivos m\u00f3viles del sector p\u00fablico. SITUACI\u00d3N DE CUMPLIMIENTO Este sitio web es parcialmente conforme con el RD 1112\/2018 debido a las excepciones y a la falta de [&hellip;]","og_url":"https:\/\/dentalbs.es.31-24-41-230.31-24-41-230.visualpublinet.com\/accesibilidad\/","og_site_name":"DBS","article_modified_time":"2025-07-21T10:34:46+00:00","twitter_card":"summary_large_image","twitter_misc":{"Est. reading time":"3 minutes"},"schema":{"@context":"https:\/\/schema.org","@graph":[{"@type":"WebPage","@id":"https:\/\/dentalbs.es.31-24-41-230.31-24-41-230.visualpublinet.com\/accesibilidad\/","url":"https:\/\/dentalbs.es.31-24-41-230.31-24-41-230.visualpublinet.com\/accesibilidad\/","name":"Accesibilidad - DBS","isPartOf":{"@id":"https:\/\/dentalbs.es\/#website"},"datePublished":"2025-07-21T10:24:08+00:00","dateModified":"2025-07-21T10:34:46+00:00","breadcrumb":{"@id":"https:\/\/dentalbs.es.31-24-41-230.31-24-41-230.visualpublinet.com\/accesibilidad\/#breadcrumb"},"inLanguage":"en-US","potentialAction":[{"@type":"ReadAction","target":["https:\/\/dentalbs.es.31-24-41-230.31-24-41-230.visualpublinet.com\/accesibilidad\/"]}]},{"@type":"BreadcrumbList","@id":"https:\/\/dentalbs.es.31-24-41-230.31-24-41-230.visualpublinet.com\/accesibilidad\/#breadcrumb","itemListElement":[{"@type":"ListItem","position":1,"name":"Portada","item":"https:\/\/dentalbs.es\/"},{"@type":"ListItem","position":2,"name":"Accesibilidad"}]},{"@type":"WebSite","@id":"https:\/\/dentalbs.es\/#website","url":"https:\/\/dentalbs.es\/","name":"DBS","description":"Dental Business School","publisher":{"@id":"https:\/\/dentalbs.es\/#organization"},"potentialAction":[{"@type":"SearchAction","target":{"@type":"EntryPoint","urlTemplate":"https:\/\/dentalbs.es\/?s={search_term_string}"},"query-input":{"@type":"PropertyValueSpecification","valueRequired":true,"valueName":"search_term_string"}}],"inLanguage":"en-US"},{"@type":"Organization","@id":"https:\/\/dentalbs.es\/#organization","name":"DBS","url":"https:\/\/dentalbs.es\/","logo":{"@type":"ImageObject","inLanguage":"en-US","@id":"https:\/\/dentalbs.es\/#\/schema\/logo\/image\/","url":"https:\/\/dentalbs.es\/wp-content\/uploads\/2025\/07\/logo-DBS.png","contentUrl":"https:\/\/dentalbs.es\/wp-content\/uploads\/2025\/07\/logo-DBS.png","width":151,"height":90,"caption":"DBS"},"image":{"@id":"https:\/\/dentalbs.es\/#\/schema\/logo\/image\/"}}]}},"_links":{"self":[{"href":"https:\/\/dentalbs.es\/en\/wp-json\/wp\/v2\/pages\/53","targetHints":{"allow":["GET"]}}],"collection":[{"href":"https:\/\/dentalbs.es\/en\/wp-json\/wp\/v2\/pages"}],"about":[{"href":"https:\/\/dentalbs.es\/en\/wp-json\/wp\/v2\/types\/page"}],"author":[{"embeddable":true,"href":"https:\/\/dentalbs.es\/en\/wp-json\/wp\/v2\/users\/2"}],"replies":[{"embeddable":true,"href":"https:\/\/dentalbs.es\/en\/wp-json\/wp\/v2\/comments?post=53"}],"version-history":[{"count":0,"href":"https:\/\/dentalbs.es\/en\/wp-json\/wp\/v2\/pages\/53\/revisions"}],"wp:attachment":[{"href":"https:\/\/dentalbs.es\/en\/wp-json\/wp\/v2\/media?parent=53"}],"curies":[{"name":"wp","href":"https:\/\/api.w.org\/{rel}","templated":true}]}}